{"id":66,"date":"2018-06-02T10:01:23","date_gmt":"2018-06-02T10:01:23","guid":{"rendered":"http:\/\/target21.de\/?page_id=66"},"modified":"2021-07-31T09:11:52","modified_gmt":"2021-07-31T09:11:52","slug":"willkommen","status":"publish","type":"page","link":"https:\/\/target21.de\/?page_id=66","title":{"rendered":"Impressum"},"content":{"rendered":"<p>Verantwortlicher Ansprechpartner f\u00fcr die Inhalte auf <strong>Target21.de<\/strong>:<\/p>\n<p>Sebastian Schenk<br \/>\nGoethestra\u00dfe 61<br \/>\n89312 G\u00fcnzburg<\/p>\n<p>Kontakt: <strong>Target21@Target21.de<\/strong><\/p>\n","protected":false},"excerpt":{"rendered":"<p>Verantwortlicher Ansprechpartner f\u00fcr die Inhalte auf Target21.de: Sebastian Schenk Goethestra\u00dfe 61 89312 G\u00fcnzburg Kontakt: Target21@Target21.de<\/p>\n","protected":false},"author":1,"featured_media":0,"parent":0,"menu_order":0,"comment_status":"closed","ping_status":"closed","template":"","meta":[],"_links":{"self":[{"href":"https:\/\/target21.de\/index.php?rest_route=\/wp\/v2\/pages\/66"}],"collection":[{"href":"https:\/\/target21.de\/index.php?rest_route=\/wp\/v2\/pages"}],"about":[{"href":"https:\/\/target21.de\/index.php?rest_route=\/wp\/v2\/types\/page"}],"author":[{"embeddable":true,"href":"https:\/\/target21.de\/index.php?rest_route=\/wp\/v2\/users\/1"}],"replies":[{"embeddable":true,"href":"https:\/\/target21.de\/index.php?rest_route=%2Fwp%2Fv2%2Fcomments&post=66"}],"version-history":[{"count":9,"href":"https:\/\/target21.de\/index.php?rest_route=\/wp\/v2\/pages\/66\/revisions"}],"predecessor-version":[{"id":987,"href":"https:\/\/target21.de\/index.php?rest_route=\/wp\/v2\/pages\/66\/revisions\/987"}],"wp:attachment":[{"href":"https:\/\/target21.de\/index.php?rest_route=%2Fwp%2Fv2%2Fmedia&parent=66"}],"curies":[{"name":"wp","href":"https:\/\/api.w.org\/{rel}","templated":true}]}}