{"id":437,"date":"2019-04-29T17:43:34","date_gmt":"2019-04-29T17:43:34","guid":{"rendered":"http:\/\/target21.de\/?page_id=437"},"modified":"2019-04-29T17:43:34","modified_gmt":"2019-04-29T17:43:34","slug":"snes-mini-case","status":"publish","type":"page","link":"https:\/\/target21.de\/?page_id=437","title":{"rendered":"SNES-Mini Case"},"content":{"rendered":"<h1><strong>SNES-Mini Case (Holzkasten)<\/strong><\/h1>\n<p>Transportable Holzbox f\u00fcr das SNES-Mini. Inklusive Akku, Bildschirm und Ladem\u00f6glichkeit \u00fcber USB mit Netzteil.<\/p>\n<p>&nbsp;<\/p>\n<p><img loading=\"lazy\" class=\"alignnone size-large wp-image-402\" src=\"http:\/\/target21.de\/wp-content\/uploads\/2019\/04\/IMGP4025-1024x684.jpg\" alt=\"\" width=\"525\" height=\"351\" srcset=\"https:\/\/target21.de\/wp-content\/uploads\/2019\/04\/IMGP4025-1024x684.jpg 1024w, https:\/\/target21.de\/wp-content\/uploads\/2019\/04\/IMGP4025-300x200.jpg 300w, https:\/\/target21.de\/wp-content\/uploads\/2019\/04\/IMGP4025-768x513.jpg 768w\" sizes=\"(max-width: 525px) 100vw, 525px\" \/><img loading=\"lazy\" class=\"alignnone size-large wp-image-401\" src=\"http:\/\/target21.de\/wp-content\/uploads\/2019\/04\/IMGP4022-1024x684.jpg\" alt=\"\" width=\"525\" height=\"351\" srcset=\"https:\/\/target21.de\/wp-content\/uploads\/2019\/04\/IMGP4022-1024x684.jpg 1024w, https:\/\/target21.de\/wp-content\/uploads\/2019\/04\/IMGP4022-300x200.jpg 300w, https:\/\/target21.de\/wp-content\/uploads\/2019\/04\/IMGP4022-768x513.jpg 768w\" sizes=\"(max-width: 525px) 100vw, 525px\" \/> <img loading=\"lazy\" class=\"alignnone size-large wp-image-400\" src=\"http:\/\/target21.de\/wp-content\/uploads\/2019\/04\/IMGP4021-1024x684.jpg\" alt=\"\" width=\"525\" height=\"351\" srcset=\"https:\/\/target21.de\/wp-content\/uploads\/2019\/04\/IMGP4021-1024x684.jpg 1024w, https:\/\/target21.de\/wp-content\/uploads\/2019\/04\/IMGP4021-300x200.jpg 300w, https:\/\/target21.de\/wp-content\/uploads\/2019\/04\/IMGP4021-768x513.jpg 768w\" sizes=\"(max-width: 525px) 100vw, 525px\" \/> <img loading=\"lazy\" class=\"alignnone size-large wp-image-399\" src=\"http:\/\/target21.de\/wp-content\/uploads\/2019\/04\/IMGP4018-1024x684.jpg\" alt=\"\" width=\"525\" height=\"351\" srcset=\"https:\/\/target21.de\/wp-content\/uploads\/2019\/04\/IMGP4018-1024x684.jpg 1024w, https:\/\/target21.de\/wp-content\/uploads\/2019\/04\/IMGP4018-300x200.jpg 300w, https:\/\/target21.de\/wp-content\/uploads\/2019\/04\/IMGP4018-768x513.jpg 768w\" sizes=\"(max-width: 525px) 100vw, 525px\" \/> <img loading=\"lazy\" class=\"alignnone size-large wp-image-398\" src=\"http:\/\/target21.de\/wp-content\/uploads\/2019\/04\/IMGP4017-1024x684.jpg\" alt=\"\" width=\"525\" height=\"351\" srcset=\"https:\/\/target21.de\/wp-content\/uploads\/2019\/04\/IMGP4017-1024x684.jpg 1024w, https:\/\/target21.de\/wp-content\/uploads\/2019\/04\/IMGP4017-300x200.jpg 300w, https:\/\/target21.de\/wp-content\/uploads\/2019\/04\/IMGP4017-768x513.jpg 768w\" sizes=\"(max-width: 525px) 100vw, 525px\" \/> <img loading=\"lazy\" class=\"alignnone size-large wp-image-397\" src=\"http:\/\/target21.de\/wp-content\/uploads\/2019\/04\/IMGP4016-1024x684.jpg\" alt=\"\" width=\"525\" height=\"351\" srcset=\"https:\/\/target21.de\/wp-content\/uploads\/2019\/04\/IMGP4016-1024x684.jpg 1024w, https:\/\/target21.de\/wp-content\/uploads\/2019\/04\/IMGP4016-300x200.jpg 300w, https:\/\/target21.de\/wp-content\/uploads\/2019\/04\/IMGP4016-768x513.jpg 768w\" sizes=\"(max-width: 525px) 100vw, 525px\" \/> <img loading=\"lazy\" class=\"alignnone size-large wp-image-396\" src=\"http:\/\/target21.de\/wp-content\/uploads\/2019\/04\/IMGP4015-1024x684.jpg\" alt=\"\" width=\"525\" height=\"351\" srcset=\"https:\/\/target21.de\/wp-content\/uploads\/2019\/04\/IMGP4015-1024x684.jpg 1024w, https:\/\/target21.de\/wp-content\/uploads\/2019\/04\/IMGP4015-300x200.jpg 300w, https:\/\/target21.de\/wp-content\/uploads\/2019\/04\/IMGP4015-768x513.jpg 768w\" sizes=\"(max-width: 525px) 100vw, 525px\" \/><\/p>\n","protected":false},"excerpt":{"rendered":"<p>SNES-Mini Case (Holzkasten) Transportable Holzbox f\u00fcr das SNES-Mini. Inklusive Akku, Bildschirm und Ladem\u00f6glichkeit \u00fcber USB mit Netzteil. &nbsp;<\/p>\n","protected":false},"author":1,"featured_media":0,"parent":0,"menu_order":0,"comment_status":"closed","ping_status":"closed","template":"","meta":[],"_links":{"self":[{"href":"https:\/\/target21.de\/index.php?rest_route=\/wp\/v2\/pages\/437"}],"collection":[{"href":"https:\/\/target21.de\/index.php?rest_route=\/wp\/v2\/pages"}],"about":[{"href":"https:\/\/target21.de\/index.php?rest_route=\/wp\/v2\/types\/page"}],"author":[{"embeddable":true,"href":"https:\/\/target21.de\/index.php?rest_route=\/wp\/v2\/users\/1"}],"replies":[{"embeddable":true,"href":"https:\/\/target21.de\/index.php?rest_route=%2Fwp%2Fv2%2Fcomments&post=437"}],"version-history":[{"count":1,"href":"https:\/\/target21.de\/index.php?rest_route=\/wp\/v2\/pages\/437\/revisions"}],"predecessor-version":[{"id":438,"href":"https:\/\/target21.de\/index.php?rest_route=\/wp\/v2\/pages\/437\/revisions\/438"}],"wp:attachment":[{"href":"https:\/\/target21.de\/index.php?rest_route=%2Fwp%2Fv2%2Fmedia&parent=437"}],"curies":[{"name":"wp","href":"https:\/\/api.w.org\/{rel}","templated":true}]}}