{"id":388,"date":"2019-04-29T14:35:01","date_gmt":"2019-04-29T14:35:01","guid":{"rendered":"http:\/\/target21.de\/?page_id=388"},"modified":"2019-04-29T17:04:24","modified_gmt":"2019-04-29T17:04:24","slug":"projekte","status":"publish","type":"page","link":"https:\/\/target21.de\/?page_id=388","title":{"rendered":"Projekte"},"content":{"rendered":"<h5>\u00dcbersicht \u00fcber Projekte der letzten Jahre.<\/h5>\n<p>(Zur Ansicht entsprechenden Men\u00fc-Unterpunkt ausw\u00e4hlen.)<\/p>\n","protected":false},"excerpt":{"rendered":"<p>\u00dcbersicht \u00fcber Projekte der letzten Jahre. (Zur Ansicht entsprechenden Men\u00fc-Unterpunkt ausw\u00e4hlen.)<\/p>\n","protected":false},"author":1,"featured_media":0,"parent":0,"menu_order":0,"comment_status":"closed","ping_status":"closed","template":"","meta":[],"_links":{"self":[{"href":"https:\/\/target21.de\/index.php?rest_route=\/wp\/v2\/pages\/388"}],"collection":[{"href":"https:\/\/target21.de\/index.php?rest_route=\/wp\/v2\/pages"}],"about":[{"href":"https:\/\/target21.de\/index.php?rest_route=\/wp\/v2\/types\/page"}],"author":[{"embeddable":true,"href":"https:\/\/target21.de\/index.php?rest_route=\/wp\/v2\/users\/1"}],"replies":[{"embeddable":true,"href":"https:\/\/target21.de\/index.php?rest_route=%2Fwp%2Fv2%2Fcomments&post=388"}],"version-history":[{"count":5,"href":"https:\/\/target21.de\/index.php?rest_route=\/wp\/v2\/pages\/388\/revisions"}],"predecessor-version":[{"id":395,"href":"https:\/\/target21.de\/index.php?rest_route=\/wp\/v2\/pages\/388\/revisions\/395"}],"wp:attachment":[{"href":"https:\/\/target21.de\/index.php?rest_route=%2Fwp%2Fv2%2Fmedia&parent=388"}],"curies":[{"name":"wp","href":"https:\/\/api.w.org\/{rel}","templated":true}]}}