{"id":145,"date":"2018-06-03T15:34:45","date_gmt":"2018-06-03T15:34:45","guid":{"rendered":"http:\/\/target21.de\/?page_id=145"},"modified":"2019-04-29T17:43:50","modified_gmt":"2019-04-29T17:43:50","slug":"snes-classic-mini","status":"publish","type":"page","link":"https:\/\/target21.de\/?page_id=145","title":{"rendered":"SNES-Mini"},"content":{"rendered":"<h1><strong>Super Nintendo Classic Mini (Modding Projekt)<\/strong><\/h1>\n<p>Im September 2017 kam das <strong>SNES-Mini<\/strong> auf den Markt. Anfangs war es noch schwierig eines der Ger\u00e4te zu ergattern, aber mittlerweile ist es leicht f\u00fcr einen fairen Preis an die kleine Konsole zu kommen (z.B. bei Amazon\u00a0f\u00fcr ca. 90\u20ac).<\/p>\n<p>Die Konsole enth\u00e4lt standardm\u00e4\u00dfig 21 Spiele und ist damit schon recht gut aufgestellt, allerdings kann man das SNES-Mini durch Softwaremods noch deutlich verbessern und einige Nachteile der unver\u00e4nderten Konsole ausgleichen.<\/p>\n<p><strong>Folgende Vorteile k\u00f6nnen erreicht werden:<\/strong><\/p>\n<ul>\n<li style=\"text-align: left;\">Mehr und andere SNES\/NES Spiele sind nutzbar<\/li>\n<li style=\"text-align: left;\">DOS-Spiele sind nutzbar (ideale Steuerung durch Controller)<\/li>\n<li style=\"text-align: left;\">Game-Boy Spiele nutzbar (bessere Qualit\u00e4t als auf dem GameBoy)<\/li>\n<li style=\"text-align: left;\">Fullscreen m\u00f6glich auf Ger\u00e4ten mit unterschiedlichen Aufl\u00f6sungen<\/li>\n<li style=\"text-align: left;\">Reset per Controller m\u00f6glich (man muss nicht mehr aufstehen \ud83d\ude42 )<\/li>\n<\/ul>\n<p>Da die Konsole nicht viel Strom ben\u00f6tigt, kann \u00fcber eine <strong>Powerbank mit zwei USB-Anschl\u00fcssen<\/strong> und einem<strong> Eyoyo S801C Monitor<\/strong> ein komplett mobiles Retrospielsystem zusammengestellt werden. Der Monitor ist einer der wenigen g\u00fcnstigen Bildschirme, der per USB mit Strom versorgt werden kann, Lautsprecher enth\u00e4lt und einen HDMI Anschluss besitzt. Zudem ist er relativ g\u00fcnstig (ca. 70\u20ac).<\/p>\n<p><strong>Folgende Software wird ben\u00f6tigt:<\/strong><\/p>\n<ul>\n<li>Hakchi 2<\/li>\n<li>Modifikationen f\u00fcr Hakchi 2\n<ul>\n<li>Retroarch<\/li>\n<li>Retroarch cores<\/li>\n<li>Modifikationen<\/li>\n<\/ul>\n<\/li>\n<li>Originale ROM-Dateien und DOS-Programme<\/li>\n<\/ul>\n<p>Da der Originale Emulator auf dem SNES-Mini viel zu wenige Einstellungen zul\u00e4sst und mit ihm auch kein Fullscreen auf z.B. 4:3 Monitoren m\u00f6glich ist, empfehle ich die vorinstallierten Spiele \u00fcberhaupt nicht zu nutzen, sondern die entsprechenden ROMs neu einzuspielen und alle Spiele auf dem SNES-Mini durch Retroarch emulieren zu lassen.<\/p>\n<p>Ich habe beispielsweise\u00a0 meine alten SNES-Module mit der <strong>Retrode2<\/strong> ausgelesen und so v\u00f6llig legal ROM-Dateien erhalten, die ich auf dem SNES-Mini verwenden kann. Entgegen anders lautender Informationen gibt es <strong>keinerlei Probleme mit PAL-ROMS<\/strong>. Sie laufen einwandfrei mit Retroarch.<\/p>\n<p>Die GameBoy Spiele lassen sich ebenfalls mit der Retrode2 auslesen. Man braucht daf\u00fcr nur das Gbx-Plugin.<\/p>\n<p>DOS-Spiele lassen sich entweder als Shareware im Internet finden, oder legal auf Steam oder gog.com kaufen.<\/p>\n<p><strong>Folgende Spiele laufen auf meiner Konsole einwandfrei<\/strong> und gerade die alten DOS-Spiele machen mit Controller doppelt so viel Spa\u00df.<\/p>\n<p><strong>PC (Dos)<\/strong><\/p>\n<ul>\n<li>Commander Keen 1-6 (Original)<\/li>\n<li>Commander Keen 7-9 (Fanmade)<\/li>\n<li>Commander Keen Dreams<\/li>\n<li>Crystal Caves (Episode 1-3)<\/li>\n<li>Duke Nukem (Episode 1-3)<\/li>\n<li>Tyrian 2000 <em>(Hinweis siehe unten)<\/em><\/li>\n<\/ul>\n<p><strong>GameBoy<\/strong><\/p>\n<ul>\n<li>Super Mario Land 1-3<\/li>\n<li>Tetris<\/li>\n<li>The Legend of Zelda: Links Awakening<\/li>\n<\/ul>\n<p><strong>SNES<\/strong><\/p>\n<ul>\n<li>Super Mario World<\/li>\n<li>Super Bomberman 3<\/li>\n<li>Super Mario Kart<\/li>\n<li>Super Mario All-Stars<\/li>\n<li>The Legend of Zelda: A Link to the Past<\/li>\n<\/ul>\n<p>Gerade <strong>Tyrian 2000<\/strong> ist auf dem SNES-Mini ein geniales Erlebnis. Im Gegensatz zu allen anderen DOS-Spielen oben sollten hier allerdings in der DosBox die <strong>Cycles von 3000 auf 6000 erh\u00f6ht<\/strong> werden.<\/p>\n<p>Alle meine <strong>Spiele<\/strong> habe ich<strong> legal erworben<\/strong> und ich m\u00f6chte darauf hinweisen, dass die Verwendung von ROMS, die aus dem Internet heruntergeladen wurden, illegal ist.<\/p>\n<p>Wer noch mehr Details wissen m\u00f6chte, wie man die Spiele auf der Konsole zum Laufen bekommt, kann mich gerne kontaktieren (<strong>target21@target21.de<\/strong>).<\/p>\n<p><img loading=\"lazy\" class=\"alignnone wp-image-196 size-large\" src=\"http:\/\/target21.de\/wp-content\/uploads\/2018\/06\/IMGP7916-1024x678.jpg\" alt=\"\" width=\"525\" height=\"348\" srcset=\"https:\/\/target21.de\/wp-content\/uploads\/2018\/06\/IMGP7916-1024x678.jpg 1024w, https:\/\/target21.de\/wp-content\/uploads\/2018\/06\/IMGP7916-300x199.jpg 300w, https:\/\/target21.de\/wp-content\/uploads\/2018\/06\/IMGP7916-768x509.jpg 768w\" sizes=\"(max-width: 525px) 100vw, 525px\" \/> <img loading=\"lazy\" class=\"alignnone wp-image-197 size-large\" src=\"http:\/\/target21.de\/wp-content\/uploads\/2018\/06\/IMGP7918-1024x678.jpg\" alt=\"\" width=\"525\" height=\"348\" srcset=\"https:\/\/target21.de\/wp-content\/uploads\/2018\/06\/IMGP7918-1024x678.jpg 1024w, https:\/\/target21.de\/wp-content\/uploads\/2018\/06\/IMGP7918-300x199.jpg 300w, https:\/\/target21.de\/wp-content\/uploads\/2018\/06\/IMGP7918-768x509.jpg 768w\" sizes=\"(max-width: 525px) 100vw, 525px\" \/> <img loading=\"lazy\" class=\"alignnone wp-image-198 size-large\" src=\"http:\/\/target21.de\/wp-content\/uploads\/2018\/06\/IMGP7921-1024x678.jpg\" alt=\"\" width=\"525\" height=\"348\" srcset=\"https:\/\/target21.de\/wp-content\/uploads\/2018\/06\/IMGP7921-1024x678.jpg 1024w, https:\/\/target21.de\/wp-content\/uploads\/2018\/06\/IMGP7921-300x199.jpg 300w, https:\/\/target21.de\/wp-content\/uploads\/2018\/06\/IMGP7921-768x509.jpg 768w\" sizes=\"(max-width: 525px) 100vw, 525px\" \/> <img loading=\"lazy\" class=\"alignnone wp-image-199 size-large\" src=\"http:\/\/target21.de\/wp-content\/uploads\/2018\/06\/IMGP7923-1024x678.jpg\" alt=\"\" width=\"525\" height=\"348\" srcset=\"https:\/\/target21.de\/wp-content\/uploads\/2018\/06\/IMGP7923-1024x678.jpg 1024w, https:\/\/target21.de\/wp-content\/uploads\/2018\/06\/IMGP7923-300x199.jpg 300w, https:\/\/target21.de\/wp-content\/uploads\/2018\/06\/IMGP7923-768x509.jpg 768w\" sizes=\"(max-width: 525px) 100vw, 525px\" \/> <img loading=\"lazy\" class=\"alignnone wp-image-200 size-large\" src=\"http:\/\/target21.de\/wp-content\/uploads\/2018\/06\/IMGP7924-1024x678.jpg\" alt=\"\" width=\"525\" height=\"348\" srcset=\"https:\/\/target21.de\/wp-content\/uploads\/2018\/06\/IMGP7924-1024x678.jpg 1024w, https:\/\/target21.de\/wp-content\/uploads\/2018\/06\/IMGP7924-300x199.jpg 300w, https:\/\/target21.de\/wp-content\/uploads\/2018\/06\/IMGP7924-768x509.jpg 768w\" sizes=\"(max-width: 525px) 100vw, 525px\" \/> <img loading=\"lazy\" class=\"alignnone wp-image-201 size-large\" src=\"http:\/\/target21.de\/wp-content\/uploads\/2018\/06\/IMGP7925-1024x678.jpg\" alt=\"\" width=\"525\" height=\"348\" srcset=\"https:\/\/target21.de\/wp-content\/uploads\/2018\/06\/IMGP7925-1024x678.jpg 1024w, https:\/\/target21.de\/wp-content\/uploads\/2018\/06\/IMGP7925-300x199.jpg 300w, https:\/\/target21.de\/wp-content\/uploads\/2018\/06\/IMGP7925-768x509.jpg 768w\" sizes=\"(max-width: 525px) 100vw, 525px\" \/> <img loading=\"lazy\" class=\"alignnone wp-image-202 size-large\" src=\"http:\/\/target21.de\/wp-content\/uploads\/2018\/06\/IMGP7927-1024x678.jpg\" alt=\"\" width=\"525\" height=\"348\" srcset=\"https:\/\/target21.de\/wp-content\/uploads\/2018\/06\/IMGP7927-1024x678.jpg 1024w, https:\/\/target21.de\/wp-content\/uploads\/2018\/06\/IMGP7927-300x199.jpg 300w, https:\/\/target21.de\/wp-content\/uploads\/2018\/06\/IMGP7927-768x509.jpg 768w\" sizes=\"(max-width: 525px) 100vw, 525px\" \/> <img loading=\"lazy\" class=\"alignnone wp-image-203 size-large\" src=\"http:\/\/target21.de\/wp-content\/uploads\/2018\/06\/IMGP7928-1024x678.jpg\" alt=\"\" width=\"525\" height=\"348\" srcset=\"https:\/\/target21.de\/wp-content\/uploads\/2018\/06\/IMGP7928-1024x678.jpg 1024w, https:\/\/target21.de\/wp-content\/uploads\/2018\/06\/IMGP7928-300x199.jpg 300w, https:\/\/target21.de\/wp-content\/uploads\/2018\/06\/IMGP7928-768x509.jpg 768w\" sizes=\"(max-width: 525px) 100vw, 525px\" \/><img loading=\"lazy\" class=\"alignnone wp-image-211 size-large\" src=\"http:\/\/target21.de\/wp-content\/uploads\/2018\/06\/IMGP7972-1024x678.jpg\" alt=\"\" width=\"525\" height=\"348\" srcset=\"https:\/\/target21.de\/wp-content\/uploads\/2018\/06\/IMGP7972-1024x678.jpg 1024w, https:\/\/target21.de\/wp-content\/uploads\/2018\/06\/IMGP7972-300x199.jpg 300w, https:\/\/target21.de\/wp-content\/uploads\/2018\/06\/IMGP7972-768x509.jpg 768w\" sizes=\"(max-width: 525px) 100vw, 525px\" \/> <img loading=\"lazy\" class=\"alignnone wp-image-204 size-large\" src=\"http:\/\/target21.de\/wp-content\/uploads\/2018\/06\/IMGP7929-1024x678.jpg\" alt=\"\" width=\"525\" height=\"348\" srcset=\"https:\/\/target21.de\/wp-content\/uploads\/2018\/06\/IMGP7929-1024x678.jpg 1024w, https:\/\/target21.de\/wp-content\/uploads\/2018\/06\/IMGP7929-300x199.jpg 300w, https:\/\/target21.de\/wp-content\/uploads\/2018\/06\/IMGP7929-768x509.jpg 768w\" sizes=\"(max-width: 525px) 100vw, 525px\" \/> <img loading=\"lazy\" class=\"alignnone wp-image-205 size-large\" src=\"http:\/\/target21.de\/wp-content\/uploads\/2018\/06\/IMGP7939-1024x678.jpg\" alt=\"\" width=\"525\" height=\"348\" srcset=\"https:\/\/target21.de\/wp-content\/uploads\/2018\/06\/IMGP7939-1024x678.jpg 1024w, https:\/\/target21.de\/wp-content\/uploads\/2018\/06\/IMGP7939-300x199.jpg 300w, https:\/\/target21.de\/wp-content\/uploads\/2018\/06\/IMGP7939-768x509.jpg 768w\" sizes=\"(max-width: 525px) 100vw, 525px\" \/> <img loading=\"lazy\" class=\"alignnone wp-image-206 size-large\" src=\"http:\/\/target21.de\/wp-content\/uploads\/2018\/06\/IMGP7940-1024x678.jpg\" alt=\"\" width=\"525\" height=\"348\" srcset=\"https:\/\/target21.de\/wp-content\/uploads\/2018\/06\/IMGP7940-1024x678.jpg 1024w, https:\/\/target21.de\/wp-content\/uploads\/2018\/06\/IMGP7940-300x199.jpg 300w, https:\/\/target21.de\/wp-content\/uploads\/2018\/06\/IMGP7940-768x509.jpg 768w\" sizes=\"(max-width: 525px) 100vw, 525px\" \/> <img loading=\"lazy\" class=\"alignnone wp-image-207 size-large\" src=\"http:\/\/target21.de\/wp-content\/uploads\/2018\/06\/IMGP7955-1024x678.jpg\" alt=\"\" width=\"525\" height=\"348\" srcset=\"https:\/\/target21.de\/wp-content\/uploads\/2018\/06\/IMGP7955-1024x678.jpg 1024w, https:\/\/target21.de\/wp-content\/uploads\/2018\/06\/IMGP7955-300x199.jpg 300w, https:\/\/target21.de\/wp-content\/uploads\/2018\/06\/IMGP7955-768x509.jpg 768w\" sizes=\"(max-width: 525px) 100vw, 525px\" \/> <img loading=\"lazy\" class=\"alignnone wp-image-208 size-large\" src=\"http:\/\/target21.de\/wp-content\/uploads\/2018\/06\/IMGP7963-1024x678.jpg\" alt=\"\" width=\"525\" height=\"348\" srcset=\"https:\/\/target21.de\/wp-content\/uploads\/2018\/06\/IMGP7963-1024x678.jpg 1024w, https:\/\/target21.de\/wp-content\/uploads\/2018\/06\/IMGP7963-300x199.jpg 300w, https:\/\/target21.de\/wp-content\/uploads\/2018\/06\/IMGP7963-768x509.jpg 768w\" sizes=\"(max-width: 525px) 100vw, 525px\" \/> <img loading=\"lazy\" class=\"alignnone wp-image-209 size-large\" src=\"http:\/\/target21.de\/wp-content\/uploads\/2018\/06\/IMGP7965-1024x678.jpg\" alt=\"\" width=\"525\" height=\"348\" srcset=\"https:\/\/target21.de\/wp-content\/uploads\/2018\/06\/IMGP7965-1024x678.jpg 1024w, https:\/\/target21.de\/wp-content\/uploads\/2018\/06\/IMGP7965-300x199.jpg 300w, https:\/\/target21.de\/wp-content\/uploads\/2018\/06\/IMGP7965-768x509.jpg 768w\" sizes=\"(max-width: 525px) 100vw, 525px\" \/> <img loading=\"lazy\" class=\"alignnone wp-image-210 size-large\" src=\"http:\/\/target21.de\/wp-content\/uploads\/2018\/06\/IMGP7970-1024x678.jpg\" alt=\"\" width=\"525\" height=\"348\" srcset=\"https:\/\/target21.de\/wp-content\/uploads\/2018\/06\/IMGP7970-1024x678.jpg 1024w, https:\/\/target21.de\/wp-content\/uploads\/2018\/06\/IMGP7970-300x199.jpg 300w, https:\/\/target21.de\/wp-content\/uploads\/2018\/06\/IMGP7970-768x509.jpg 768w\" sizes=\"(max-width: 525px) 100vw, 525px\" \/><\/p>\n","protected":false},"excerpt":{"rendered":"<p>Super Nintendo Classic Mini (Modding Projekt) Im September 2017 kam das SNES-Mini auf den Markt. Anfangs war es noch schwierig eines der Ger\u00e4te zu ergattern, aber mittlerweile ist es leicht f\u00fcr einen fairen Preis an die kleine Konsole zu kommen (z.B. bei Amazon\u00a0f\u00fcr ca. 90\u20ac). Die Konsole enth\u00e4lt standardm\u00e4\u00dfig 21 Spiele und ist damit schon &hellip; <\/p>\n<p class=\"link-more\"><a href=\"https:\/\/target21.de\/?page_id=145\" class=\"more-link\"><span class=\"screen-reader-text\">\u201eSNES-Mini\u201c<\/span> weiterlesen<\/a><\/p>\n","protected":false},"author":1,"featured_media":0,"parent":0,"menu_order":0,"comment_status":"closed","ping_status":"closed","template":"","meta":[],"_links":{"self":[{"href":"https:\/\/target21.de\/index.php?rest_route=\/wp\/v2\/pages\/145"}],"collection":[{"href":"https:\/\/target21.de\/index.php?rest_route=\/wp\/v2\/pages"}],"about":[{"href":"https:\/\/target21.de\/index.php?rest_route=\/wp\/v2\/types\/page"}],"author":[{"embeddable":true,"href":"https:\/\/target21.de\/index.php?rest_route=\/wp\/v2\/users\/1"}],"replies":[{"embeddable":true,"href":"https:\/\/target21.de\/index.php?rest_route=%2Fwp%2Fv2%2Fcomments&post=145"}],"version-history":[{"count":18,"href":"https:\/\/target21.de\/index.php?rest_route=\/wp\/v2\/pages\/145\/revisions"}],"predecessor-version":[{"id":439,"href":"https:\/\/target21.de\/index.php?rest_route=\/wp\/v2\/pages\/145\/revisions\/439"}],"wp:attachment":[{"href":"https:\/\/target21.de\/index.php?rest_route=%2Fwp%2Fv2%2Fmedia&parent=145"}],"curies":[{"name":"wp","href":"https:\/\/api.w.org\/{rel}","templated":true}]}}